{"id":11710,"date":"2026-03-08T01:46:03","date_gmt":"2026-03-08T01:46:03","guid":{"rendered":"https:\/\/uhotelgroup.com\/hotels\/"},"modified":"2026-04-12T08:08:32","modified_gmt":"2026-04-12T08:08:32","slug":"hotels","status":"publish","type":"page","link":"https:\/\/uhotelgroup.com\/fr\/hotels\/","title":{"rendered":"H\u00f4tels"},"content":{"rendered":"\t\t<div data-elementor-type=\"wp-page\" data-elementor-id=\"11710\" class=\"elementor elementor-11710 elementor-38\" data-elementor-settings=\"{&quot;ha_cmc_init_switcher&quot;:&quot;no&quot;}\" data-elementor-post-type=\"page\">\n\t\t\t\t<div class=\"elementor-element elementor-element-aae0452 e-flex e-con-boxed wpr-particle-no wpr-jarallax-no wpr-parallax-no wpr-sticky-section-no wpr-equal-height-no e-con e-parent\" data-id=\"aae0452\" data-element_type=\"container\" data-e-type=\"container\" data-settings=\"{&quot;_ha_eqh_enable&quot;:false}\">\n\t\t\t\t\t<div class=\"e-con-inner\">\n\t\t\t\t<div class=\"elementor-element elementor-element-67ca610 elementor-widget elementor-widget-spacer\" data-id=\"67ca610\" data-element_type=\"widget\" data-e-type=\"widget\" data-widget_type=\"spacer.default\">\n\t\t\t\t\t\t\t<div class=\"elementor-spacer\">\n\t\t\t<div class=\"elementor-spacer-inner\"><\/div>\n\t\t<\/div>\n\t\t\t\t\t\t<\/div>\n\t\t\t\t<div class=\"elementor-element elementor-element-a40a1b6 wpr-dual-heading-default elementor-widget elementor-widget-wpr-dual-color-heading\" data-id=\"a40a1b6\" data-element_type=\"widget\" data-e-type=\"widget\" data-widget_type=\"wpr-dual-color-heading.default\">\n\t\t\t\t\t\t\t\t<div class=\"wpr-dual-heading-wrap\">\n\t\t\t\t<div class=\"wpr-dual-title-wrap\">\n\t\t\t\t\t<h2 class=\"wpr-dual-title\">\n\t\t\t\t\t\t\t\t\t\t\t<span class=\"first\">S\u00e9lectionnez votre  <\/span>\n\t\t\t\t\t\t\t\t\t\t\n\t\t\t\t\t\t\t\t\t\t\t<span class=\"second\">lieu<\/span>\n\t\t\t\t\t\t\t\t\t\t<\/h2>\n\t\t\t\t<\/div>\n\t\t\t\t\n\t\t\t\t\n\t\t\t\t\n\t\t\t<\/div>\n\t\t\t\t\t\t<\/div>\n\t\t\t\t<div class=\"elementor-element elementor-element-bb89c02 elementor-widget elementor-widget-text-editor\" data-id=\"bb89c02\" data-element_type=\"widget\" data-e-type=\"widget\" data-widget_type=\"text-editor.default\">\n\t\t\t\t\t\t\t\t\t<div class=\"elementor-element elementor-element-f6f49c7 e-con-full e-flex wpr-particle-no wpr-jarallax-no wpr-parallax-no wpr-sticky-section-no e-con e-child\" data-id=\"f6f49c7\" data-element_type=\"container\" data-e-type=\"container\"><div class=\"elementor-element elementor-element-f9956f6 elementor-widget elementor-widget-text-editor\" data-id=\"f9956f6\" data-element_type=\"widget\" data-e-type=\"widget\" data-widget_type=\"text-editor.default\"><p class=\"\">T\u00e9l\u00e9portation non incluse<\/p><\/div><\/div>\t\t\t\t\t\t\t\t<\/div>\n\t\t<div class=\"elementor-element elementor-element-37b9d4a e-con-full e-flex wpr-particle-no wpr-jarallax-no wpr-parallax-no wpr-sticky-section-no wpr-equal-height-no e-con e-child\" data-id=\"37b9d4a\" data-element_type=\"container\" data-e-type=\"container\" data-settings=\"{&quot;background_background&quot;:&quot;gradient&quot;,&quot;_ha_eqh_enable&quot;:false}\">\n\t\t<div class=\"elementor-element elementor-element-a57cd90 e-con-full e-flex wpr-particle-no wpr-jarallax-no wpr-parallax-no wpr-sticky-section-no wpr-equal-height-no e-con e-child\" data-id=\"a57cd90\" data-element_type=\"container\" data-e-type=\"container\" data-settings=\"{&quot;background_background&quot;:&quot;classic&quot;,&quot;_ha_eqh_enable&quot;:false}\">\n\t\t\t\t<div class=\"elementor-element elementor-element-56270f6 elementor-view-default elementor-position-block-start elementor-mobile-position-block-start elementor-widget elementor-widget-icon-box\" data-id=\"56270f6\" data-element_type=\"widget\" data-e-type=\"widget\" data-widget_type=\"icon-box.default\">\n\t\t\t\t\t\t\t<div class=\"elementor-icon-box-wrapper\">\n\n\t\t\t\t\t\t<div class=\"elementor-icon-box-icon\">\n\t\t\t\t<a href=\"https:\/\/uhotelgroup.com\/wellington-city\/\" class=\"elementor-icon\" tabindex=\"-1\" aria-label=\"Wellington City\">\n\t\t\t\t<i aria-hidden=\"true\" class=\"icon icon-cityscape\"><\/i>\t\t\t\t<\/a>\n\t\t\t<\/div>\n\t\t\t\n\t\t\t\t\t\t<div class=\"elementor-icon-box-content\">\n\n\t\t\t\t\t\t\t\t\t<h3 class=\"elementor-icon-box-title\">\n\t\t\t\t\t\t<a href=\"https:\/\/uhotelgroup.com\/wellington-city\/\" >\n\t\t\t\t\t\t\tWellington City\t\t\t\t\t\t<\/a>\n\t\t\t\t\t<\/h3>\n\t\t\t\t\n\t\t\t\t\n\t\t\t<\/div>\n\t\t\t\n\t\t<\/div>\n\t\t\t\t\t\t<\/div>\n\t\t\t\t<\/div>\n\t\t<div class=\"elementor-element elementor-element-80542e1 e-con-full e-flex wpr-particle-no wpr-jarallax-no wpr-parallax-no wpr-sticky-section-no wpr-equal-height-no e-con e-child\" data-id=\"80542e1\" data-element_type=\"container\" data-e-type=\"container\" data-settings=\"{&quot;background_background&quot;:&quot;classic&quot;,&quot;_ha_eqh_enable&quot;:false}\">\n\t\t\t\t<div class=\"elementor-element elementor-element-d1a72eb elementor-view-default elementor-position-block-start elementor-mobile-position-block-start elementor-widget elementor-widget-icon-box\" data-id=\"d1a72eb\" data-element_type=\"widget\" data-e-type=\"widget\" data-widget_type=\"icon-box.default\">\n\t\t\t\t\t\t\t<div class=\"elementor-icon-box-wrapper\">\n\n\t\t\t\t\t\t<div class=\"elementor-icon-box-icon\">\n\t\t\t\t<a href=\"https:\/\/uhotelgroup.com\/kapiti\/\" class=\"elementor-icon\" tabindex=\"-1\" aria-label=\"Kapiti\">\n\t\t\t\t<i aria-hidden=\"true\" class=\"icon icon-sun\"><\/i>\t\t\t\t<\/a>\n\t\t\t<\/div>\n\t\t\t\n\t\t\t\t\t\t<div class=\"elementor-icon-box-content\">\n\n\t\t\t\t\t\t\t\t\t<h3 class=\"elementor-icon-box-title\">\n\t\t\t\t\t\t<a href=\"https:\/\/uhotelgroup.com\/kapiti\/\" >\n\t\t\t\t\t\t\tKapiti\t\t\t\t\t\t<\/a>\n\t\t\t\t\t<\/h3>\n\t\t\t\t\n\t\t\t\t\n\t\t\t<\/div>\n\t\t\t\n\t\t<\/div>\n\t\t\t\t\t\t<\/div>\n\t\t\t\t<\/div>\n\t\t<div class=\"elementor-element elementor-element-424050d e-con-full e-flex wpr-particle-no wpr-jarallax-no wpr-parallax-no wpr-sticky-section-no wpr-equal-height-no e-con e-child\" data-id=\"424050d\" data-element_type=\"container\" data-e-type=\"container\" data-settings=\"{&quot;background_background&quot;:&quot;classic&quot;,&quot;_ha_eqh_enable&quot;:false}\">\n\t\t\t\t<div class=\"elementor-element elementor-element-58925a2 elementor-view-default elementor-position-block-start elementor-mobile-position-block-start elementor-widget elementor-widget-icon-box\" data-id=\"58925a2\" data-element_type=\"widget\" data-e-type=\"widget\" data-widget_type=\"icon-box.default\">\n\t\t\t\t\t\t\t<div class=\"elementor-icon-box-wrapper\">\n\n\t\t\t\t\t\t<div class=\"elementor-icon-box-icon\">\n\t\t\t\t<a href=\"https:\/\/uhotelgroup.com\/wairarapa\/\" class=\"elementor-icon\" tabindex=\"-1\" aria-label=\"Wairarapa\">\n\t\t\t\t<i aria-hidden=\"true\" class=\"icon icon-drink-glass\"><\/i>\t\t\t\t<\/a>\n\t\t\t<\/div>\n\t\t\t\n\t\t\t\t\t\t<div class=\"elementor-icon-box-content\">\n\n\t\t\t\t\t\t\t\t\t<h3 class=\"elementor-icon-box-title\">\n\t\t\t\t\t\t<a href=\"https:\/\/uhotelgroup.com\/wairarapa\/\" >\n\t\t\t\t\t\t\tWairarapa\t\t\t\t\t\t<\/a>\n\t\t\t\t\t<\/h3>\n\t\t\t\t\n\t\t\t\t\n\t\t\t<\/div>\n\t\t\t\n\t\t<\/div>\n\t\t\t\t\t\t<\/div>\n\t\t\t\t<\/div>\n\t\t<div class=\"elementor-element elementor-element-2354548 e-con-full e-flex wpr-particle-no wpr-jarallax-no wpr-parallax-no wpr-sticky-section-no wpr-equal-height-no e-con e-child\" data-id=\"2354548\" data-element_type=\"container\" data-e-type=\"container\" data-settings=\"{&quot;background_background&quot;:&quot;classic&quot;,&quot;_ha_eqh_enable&quot;:false}\">\n\t\t\t\t<div class=\"elementor-element elementor-element-d25adbe elementor-view-default elementor-position-block-start elementor-mobile-position-block-start elementor-widget elementor-widget-icon-box\" data-id=\"d25adbe\" data-element_type=\"widget\" data-e-type=\"widget\" data-widget_type=\"icon-box.default\">\n\t\t\t\t\t\t\t<div class=\"elementor-icon-box-wrapper\">\n\n\t\t\t\t\t\t<div class=\"elementor-icon-box-icon\">\n\t\t\t\t<a href=\"https:\/\/uhotelgroup.com\/rotorua\/\" class=\"elementor-icon\" tabindex=\"-1\" aria-label=\"Rotorua\">\n\t\t\t\t<i aria-hidden=\"true\" class=\"icon icon-compass\"><\/i>\t\t\t\t<\/a>\n\t\t\t<\/div>\n\t\t\t\n\t\t\t\t\t\t<div class=\"elementor-icon-box-content\">\n\n\t\t\t\t\t\t\t\t\t<h3 class=\"elementor-icon-box-title\">\n\t\t\t\t\t\t<a href=\"https:\/\/uhotelgroup.com\/rotorua\/\" >\n\t\t\t\t\t\t\tRotorua\t\t\t\t\t\t<\/a>\n\t\t\t\t\t<\/h3>\n\t\t\t\t\n\t\t\t\t\n\t\t\t<\/div>\n\t\t\t\n\t\t<\/div>\n\t\t\t\t\t\t<\/div>\n\t\t\t\t<\/div>\n\t\t<div class=\"elementor-element elementor-element-6a1a945 e-con-full e-flex wpr-particle-no wpr-jarallax-no wpr-parallax-no wpr-sticky-section-no wpr-equal-height-no e-con e-child\" data-id=\"6a1a945\" data-element_type=\"container\" data-e-type=\"container\" data-settings=\"{&quot;background_background&quot;:&quot;classic&quot;,&quot;_ha_eqh_enable&quot;:false}\">\n\t\t\t\t<div class=\"elementor-element elementor-element-33555c3 elementor-view-default elementor-position-block-start elementor-mobile-position-block-start elementor-widget elementor-widget-icon-box\" data-id=\"33555c3\" data-element_type=\"widget\" data-e-type=\"widget\" data-widget_type=\"icon-box.default\">\n\t\t\t\t\t\t\t<div class=\"elementor-icon-box-wrapper\">\n\n\t\t\t\t\t\t<div class=\"elementor-icon-box-icon\">\n\t\t\t\t<a href=\"https:\/\/uhotelgroup.com\/napier\/\" class=\"elementor-icon\" tabindex=\"-1\" aria-label=\"Napier\">\n\t\t\t\t<i aria-hidden=\"true\" class=\"icon icon-diamond2\"><\/i>\t\t\t\t<\/a>\n\t\t\t<\/div>\n\t\t\t\n\t\t\t\t\t\t<div class=\"elementor-icon-box-content\">\n\n\t\t\t\t\t\t\t\t\t<h3 class=\"elementor-icon-box-title\">\n\t\t\t\t\t\t<a href=\"https:\/\/uhotelgroup.com\/napier\/\" >\n\t\t\t\t\t\t\tNapier\t\t\t\t\t\t<\/a>\n\t\t\t\t\t<\/h3>\n\t\t\t\t\n\t\t\t\t\n\t\t\t<\/div>\n\t\t\t\n\t\t<\/div>\n\t\t\t\t\t\t<\/div>\n\t\t\t\t<\/div>\n\t\t<div class=\"elementor-element elementor-element-03c3145 e-con-full e-flex wpr-particle-no wpr-jarallax-no wpr-parallax-no wpr-sticky-section-no wpr-equal-height-no e-con e-child\" data-id=\"03c3145\" data-element_type=\"container\" data-e-type=\"container\" data-settings=\"{&quot;background_background&quot;:&quot;classic&quot;,&quot;_ha_eqh_enable&quot;:false}\">\n\t\t\t\t<div class=\"elementor-element elementor-element-97acc87 elementor-view-default elementor-position-block-start elementor-mobile-position-block-start elementor-widget elementor-widget-icon-box\" data-id=\"97acc87\" data-element_type=\"widget\" data-e-type=\"widget\" data-widget_type=\"icon-box.default\">\n\t\t\t\t\t\t\t<div class=\"elementor-icon-box-wrapper\">\n\n\t\t\t\t\t\t<div class=\"elementor-icon-box-icon\">\n\t\t\t\t<a href=\"https:\/\/uhotelgroup.com\/timaru\/\" class=\"elementor-icon\" tabindex=\"-1\" aria-label=\"Timaru\">\n\t\t\t\t<i aria-hidden=\"true\" class=\"icon icon-commerce-2\"><\/i>\t\t\t\t<\/a>\n\t\t\t<\/div>\n\t\t\t\n\t\t\t\t\t\t<div class=\"elementor-icon-box-content\">\n\n\t\t\t\t\t\t\t\t\t<h3 class=\"elementor-icon-box-title\">\n\t\t\t\t\t\t<a href=\"https:\/\/uhotelgroup.com\/timaru\/\" >\n\t\t\t\t\t\t\tTimaru\t\t\t\t\t\t<\/a>\n\t\t\t\t\t<\/h3>\n\t\t\t\t\n\t\t\t\t\n\t\t\t<\/div>\n\t\t\t\n\t\t<\/div>\n\t\t\t\t\t\t<\/div>\n\t\t\t\t<\/div>\n\t\t<div class=\"elementor-element elementor-element-b1af7d2 e-con-full e-flex wpr-particle-no wpr-jarallax-no wpr-parallax-no wpr-sticky-section-no wpr-equal-height-no e-con e-child\" data-id=\"b1af7d2\" data-element_type=\"container\" data-e-type=\"container\" data-settings=\"{&quot;background_background&quot;:&quot;classic&quot;,&quot;_ha_eqh_enable&quot;:false}\">\n\t\t\t\t<div class=\"elementor-element elementor-element-bb3b22b elementor-view-default elementor-position-block-start elementor-mobile-position-block-start elementor-widget elementor-widget-icon-box\" data-id=\"bb3b22b\" data-element_type=\"widget\" data-e-type=\"widget\" data-widget_type=\"icon-box.default\">\n\t\t\t\t\t\t\t<div class=\"elementor-icon-box-wrapper\">\n\n\t\t\t\t\t\t<div class=\"elementor-icon-box-icon\">\n\t\t\t\t<a href=\"https:\/\/uhotelgroup.com\/bangkok\/\" class=\"elementor-icon\" tabindex=\"-1\" aria-label=\"Bangkok\">\n\t\t\t\t<svg xmlns=\"http:\/\/www.w3.org\/2000\/svg\" xmlns:xlink=\"http:\/\/www.w3.org\/1999\/xlink\" fill=\"#28233C\" id=\"Layer_1\" viewBox=\"0 0 286.154 286.154\" xml:space=\"preserve\" width=\"800px\" height=\"800px\"><g id=\"SVGRepo_bgCarrier\" stroke-width=\"0\"><\/g><g id=\"SVGRepo_tracerCarrier\" stroke-linecap=\"round\" stroke-linejoin=\"round\"><\/g><g id=\"SVGRepo_iconCarrier\"> <g> <g> <g> <path d=\"M263.077,258.462V240h-27.692v-55.385h23.077l1.265-9.051c-0.305-0.092-30.388-8.885-56.649-30.097v-11.622h46.154 l1.117-9.092c-0.351-0.088-34.735-8.894-61.117-30.069V83.077h18.462l1.874-8.834c-0.388-0.175-37.68-17.026-56.022-41.751 l7.288-11.575l0.471-0.997c0.258-0.762,2.363-7.606-1.805-13.38C156.443,2.294,151.085,0,143.589,0h-0.512 c-7.495,0.097-12.849,2.294-15.905,6.54c-4.163,5.774-2.058,12.618-1.805,13.38l7.532,12.175 c-18.235,24.942-55.925,41.972-56.317,42.148l1.878,8.834h18.462v11.608c-26.331,21.129-60.771,29.982-61.122,30.069l1.122,9.092 h46.154v11.622c-26.202,21.162-56.345,30.009-56.654,30.097l1.269,9.051h23.077V240H23.077v18.462H0v27.692h286.154v-27.692 H263.077z M134.658,11.94c1.237-1.712,4.311-2.672,8.677-2.709c4.334,0.037,7.403,0.983,8.649,2.677 c1.145,1.546,0.84,3.798,0.655,4.703l-6.983,11.082h-4.643l-6.983-11.095C133.837,15.702,133.542,13.495,134.658,11.94z M140.88,36.923h4.389c11.598,16.205,30.143,29.022,43.671,36.923H97.214C110.737,65.945,129.286,53.128,140.88,36.923z M180,83.077v9.231h-73.846v-9.231H180z M63.974,124.615c12.009-5.155,26.409-12.692,39.217-23.077h79.768 c12.808,10.385,27.212,17.922,39.217,23.077H63.974z M193.846,133.846v9.231h-27.692v-9.231H193.846z M156.923,133.846v9.231 h-32.308v-9.231H156.923z M115.385,133.846v9.231H92.308v-9.231H115.385z M89.345,152.308h107.46 c12.748,10.385,26.225,17.922,37.209,23.077H52.14C63.125,170.229,76.602,162.692,89.345,152.308z M216.923,193.846v-9.231h9.231 v9.231H216.923z M226.154,203.077V240h-9.231v-36.923H226.154z M193.846,212.308V240h-4.615v-36.923h18.462V240h-4.616v-27.692 H193.846z M189.231,193.846v-9.231h18.462v9.231H189.231z M170.769,193.846v-9.231H180v9.231H170.769z M180,203.077V240h-9.231 v-36.923H180z M115.385,203.077V240h-9.231v-36.923H115.385z M106.154,193.846v-9.231h9.231v9.231H106.154z M115.384,249.231 h55.385v9.231h-55.385V249.231z M129.231,212.308V240h-4.615v-36.923h36.923V240h-4.615v-27.692H129.231z M147.692,221.538V240 h-9.231v-18.462H147.692z M161.538,193.846h-36.923v-9.231h36.923V193.846z M83.077,212.308V240h-4.615v-36.923h18.462V240 h-4.615v-27.692H83.077z M78.462,193.846v-9.231h18.461v9.231H78.462z M60,193.846v-9.231h9.231v9.231H60z M69.231,203.077V240 H60v-36.923H69.231z M32.308,249.231H50.77h55.385v9.231H32.308V249.231z M96.923,276.923H9.231v-9.231h13.846h73.846V276.923z M180,276.923h-73.846v-9.231H180V276.923z M180,249.231h55.385h18.461v9.231H180V249.231z M276.923,276.923h-87.692v-9.231 h73.846h13.846V276.923z\"><\/path> <rect x=\"96.923\" y=\"110.769\" width=\"9.231\" height=\"9.231\"><\/rect> <rect x=\"115.385\" y=\"110.769\" width=\"9.231\" height=\"9.231\"><\/rect> <rect x=\"133.846\" y=\"110.769\" width=\"9.231\" height=\"9.231\"><\/rect> <rect x=\"189.231\" y=\"161.538\" width=\"9.231\" height=\"9.231\"><\/rect> <rect x=\"124.615\" y=\"60\" width=\"9.231\" height=\"9.231\"><\/rect> <\/g> <\/g> <\/g> <\/g><\/svg>\t\t\t\t<\/a>\n\t\t\t<\/div>\n\t\t\t\n\t\t\t\t\t\t<div class=\"elementor-icon-box-content\">\n\n\t\t\t\t\t\t\t\t\t<h3 class=\"elementor-icon-box-title\">\n\t\t\t\t\t\t<a href=\"https:\/\/uhotelgroup.com\/bangkok\/\" >\n\t\t\t\t\t\t\tBangkok\t\t\t\t\t\t<\/a>\n\t\t\t\t\t<\/h3>\n\t\t\t\t\n\t\t\t\t\n\t\t\t<\/div>\n\t\t\t\n\t\t<\/div>\n\t\t\t\t\t\t<\/div>\n\t\t\t\t<\/div>\n\t\t\t\t<\/div>\n\t\t\t\t\t<\/div>\n\t\t\t\t<\/div>\n\t\t\t\t<\/div>\n\t\t\n    <div class=\"xs_social_share_widget xs_share_url after_content \t\tmain_content  wslu-style-1 wslu-share-box-shaped wslu-fill-colored wslu-none wslu-share-horizontal wslu-theme-font-no wslu-main_content\">\n\n\t\t\n        <ul>\n\t\t\t        <\/ul>\n    <\/div> \n","protected":false},"excerpt":{"rendered":"<p>S\u00e9lectionnez votre lieu T\u00e9l\u00e9portation non incluse Wellington City Kapiti Wairarapa Rotorua Napier Timaru Bangkok<\/p>\n","protected":false},"author":1,"featured_media":0,"parent":0,"menu_order":0,"comment_status":"closed","ping_status":"closed","template":"elementor_header_footer","meta":{"_eb_attr":"","postBodyCss":"","postBodyMargin":[],"postBodyPadding":[],"postBodyBackground":{"backgroundType":"classic","gradient":""},"footnotes":"","_links_to":"","_links_to_target":""},"class_list":["post-11710","page","type-page","status-publish","hentry"],"yoast_head":"<!-- This site is optimized with the Yoast SEO plugin v27.3 - https:\/\/yoast.com\/product\/yoast-seo-wordpress\/ -->\n<title>H\u00f4tels - U Hotel Group<\/title>\n<meta name=\"robots\" content=\"index, follow, max-snippet:-1, max-image-preview:large, max-video-preview:-1\" \/>\n<link rel=\"canonical\" href=\"https:\/\/uhotelgroup.com\/fr\/hotels\/\" \/>\n<meta property=\"og:locale\" content=\"fr_FR\" \/>\n<meta property=\"og:type\" content=\"article\" \/>\n<meta property=\"og:title\" content=\"H\u00f4tels - U Hotel Group\" \/>\n<meta property=\"og:description\" content=\"S\u00e9lectionnez votre lieu T\u00e9l\u00e9portation non incluse Wellington City Kapiti Wairarapa Rotorua Napier Timaru Bangkok\" \/>\n<meta property=\"og:url\" content=\"https:\/\/uhotelgroup.com\/fr\/hotels\/\" \/>\n<meta property=\"og:site_name\" content=\"U Hotel Group\" \/>\n<meta property=\"article:publisher\" content=\"https:\/\/web.facebook.com\/uhotelgroup\" \/>\n<meta property=\"article:modified_time\" content=\"2026-04-12T08:08:32+00:00\" \/>\n<meta name=\"twitter:card\" content=\"summary_large_image\" \/>\n<script type=\"application\/ld+json\" class=\"yoast-schema-graph\">{\"@context\":\"https:\\\/\\\/schema.org\",\"@graph\":[{\"@type\":\"WebPage\",\"@id\":\"https:\\\/\\\/uhotelgroup.com\\\/fr\\\/hotels\\\/\",\"url\":\"https:\\\/\\\/uhotelgroup.com\\\/fr\\\/hotels\\\/\",\"name\":\"H\u00f4tels - U Hotel Group\",\"isPartOf\":{\"@id\":\"https:\\\/\\\/uhotelgroup.com\\\/fr\\\/#website\"},\"datePublished\":\"2026-03-08T01:46:03+00:00\",\"dateModified\":\"2026-04-12T08:08:32+00:00\",\"breadcrumb\":{\"@id\":\"https:\\\/\\\/uhotelgroup.com\\\/fr\\\/hotels\\\/#breadcrumb\"},\"inLanguage\":\"fr-FR\",\"potentialAction\":[{\"@type\":\"ReadAction\",\"target\":[\"https:\\\/\\\/uhotelgroup.com\\\/fr\\\/hotels\\\/\"]}]},{\"@type\":\"BreadcrumbList\",\"@id\":\"https:\\\/\\\/uhotelgroup.com\\\/fr\\\/hotels\\\/#breadcrumb\",\"itemListElement\":[{\"@type\":\"ListItem\",\"position\":1,\"name\":\"Home\",\"item\":\"https:\\\/\\\/uhotelgroup.com\\\/fr\\\/accueil\\\/\"},{\"@type\":\"ListItem\",\"position\":2,\"name\":\"H\u00f4tels\"}]},{\"@type\":\"WebSite\",\"@id\":\"https:\\\/\\\/uhotelgroup.com\\\/fr\\\/#website\",\"url\":\"https:\\\/\\\/uhotelgroup.com\\\/fr\\\/\",\"name\":\"U Hotel Group\",\"description\":\"\",\"publisher\":{\"@id\":\"https:\\\/\\\/uhotelgroup.com\\\/fr\\\/#organization\"},\"potentialAction\":[{\"@type\":\"SearchAction\",\"target\":{\"@type\":\"EntryPoint\",\"urlTemplate\":\"https:\\\/\\\/uhotelgroup.com\\\/fr\\\/?s={search_term_string}\"},\"query-input\":{\"@type\":\"PropertyValueSpecification\",\"valueRequired\":true,\"valueName\":\"search_term_string\"}}],\"inLanguage\":\"fr-FR\"},{\"@type\":\"Organization\",\"@id\":\"https:\\\/\\\/uhotelgroup.com\\\/fr\\\/#organization\",\"name\":\"U Hotel Group\",\"url\":\"https:\\\/\\\/uhotelgroup.com\\\/fr\\\/\",\"logo\":{\"@type\":\"ImageObject\",\"inLanguage\":\"fr-FR\",\"@id\":\"https:\\\/\\\/uhotelgroup.com\\\/fr\\\/#\\\/schema\\\/logo\\\/image\\\/\",\"url\":\"https:\\\/\\\/uhotelgroup.com\\\/wp-content\\\/uploads\\\/2026\\\/03\\\/imgi_5_cropped-cropped-SJ-updatesd-U-Hotel-Group-Logo_White-copy-1.png\",\"contentUrl\":\"https:\\\/\\\/uhotelgroup.com\\\/wp-content\\\/uploads\\\/2026\\\/03\\\/imgi_5_cropped-cropped-SJ-updatesd-U-Hotel-Group-Logo_White-copy-1.png\",\"width\":637,\"height\":219,\"caption\":\"U Hotel Group\"},\"image\":{\"@id\":\"https:\\\/\\\/uhotelgroup.com\\\/fr\\\/#\\\/schema\\\/logo\\\/image\\\/\"},\"sameAs\":[\"https:\\\/\\\/web.facebook.com\\\/uhotelgroup\"]}]}<\/script>\n<!-- \/ Yoast SEO plugin. -->","yoast_head_json":{"title":"H\u00f4tels - U Hotel Group","robots":{"index":"index","follow":"follow","max-snippet":"max-snippet:-1","max-image-preview":"max-image-preview:large","max-video-preview":"max-video-preview:-1"},"canonical":"https:\/\/uhotelgroup.com\/fr\/hotels\/","og_locale":"fr_FR","og_type":"article","og_title":"H\u00f4tels - U Hotel Group","og_description":"S\u00e9lectionnez votre lieu T\u00e9l\u00e9portation non incluse Wellington City Kapiti Wairarapa Rotorua Napier Timaru Bangkok","og_url":"https:\/\/uhotelgroup.com\/fr\/hotels\/","og_site_name":"U Hotel Group","article_publisher":"https:\/\/web.facebook.com\/uhotelgroup","article_modified_time":"2026-04-12T08:08:32+00:00","twitter_card":"summary_large_image","schema":{"@context":"https:\/\/schema.org","@graph":[{"@type":"WebPage","@id":"https:\/\/uhotelgroup.com\/fr\/hotels\/","url":"https:\/\/uhotelgroup.com\/fr\/hotels\/","name":"H\u00f4tels - U Hotel Group","isPartOf":{"@id":"https:\/\/uhotelgroup.com\/fr\/#website"},"datePublished":"2026-03-08T01:46:03+00:00","dateModified":"2026-04-12T08:08:32+00:00","breadcrumb":{"@id":"https:\/\/uhotelgroup.com\/fr\/hotels\/#breadcrumb"},"inLanguage":"fr-FR","potentialAction":[{"@type":"ReadAction","target":["https:\/\/uhotelgroup.com\/fr\/hotels\/"]}]},{"@type":"BreadcrumbList","@id":"https:\/\/uhotelgroup.com\/fr\/hotels\/#breadcrumb","itemListElement":[{"@type":"ListItem","position":1,"name":"Home","item":"https:\/\/uhotelgroup.com\/fr\/accueil\/"},{"@type":"ListItem","position":2,"name":"H\u00f4tels"}]},{"@type":"WebSite","@id":"https:\/\/uhotelgroup.com\/fr\/#website","url":"https:\/\/uhotelgroup.com\/fr\/","name":"U Hotel Group","description":"","publisher":{"@id":"https:\/\/uhotelgroup.com\/fr\/#organization"},"potentialAction":[{"@type":"SearchAction","target":{"@type":"EntryPoint","urlTemplate":"https:\/\/uhotelgroup.com\/fr\/?s={search_term_string}"},"query-input":{"@type":"PropertyValueSpecification","valueRequired":true,"valueName":"search_term_string"}}],"inLanguage":"fr-FR"},{"@type":"Organization","@id":"https:\/\/uhotelgroup.com\/fr\/#organization","name":"U Hotel Group","url":"https:\/\/uhotelgroup.com\/fr\/","logo":{"@type":"ImageObject","inLanguage":"fr-FR","@id":"https:\/\/uhotelgroup.com\/fr\/#\/schema\/logo\/image\/","url":"https:\/\/uhotelgroup.com\/wp-content\/uploads\/2026\/03\/imgi_5_cropped-cropped-SJ-updatesd-U-Hotel-Group-Logo_White-copy-1.png","contentUrl":"https:\/\/uhotelgroup.com\/wp-content\/uploads\/2026\/03\/imgi_5_cropped-cropped-SJ-updatesd-U-Hotel-Group-Logo_White-copy-1.png","width":637,"height":219,"caption":"U Hotel Group"},"image":{"@id":"https:\/\/uhotelgroup.com\/fr\/#\/schema\/logo\/image\/"},"sameAs":["https:\/\/web.facebook.com\/uhotelgroup"]}]}},"_links":{"self":[{"href":"https:\/\/uhotelgroup.com\/fr\/wp-json\/wp\/v2\/pages\/11710","targetHints":{"allow":["GET"]}}],"collection":[{"href":"https:\/\/uhotelgroup.com\/fr\/wp-json\/wp\/v2\/pages"}],"about":[{"href":"https:\/\/uhotelgroup.com\/fr\/wp-json\/wp\/v2\/types\/page"}],"author":[{"embeddable":true,"href":"https:\/\/uhotelgroup.com\/fr\/wp-json\/wp\/v2\/users\/1"}],"replies":[{"embeddable":true,"href":"https:\/\/uhotelgroup.com\/fr\/wp-json\/wp\/v2\/comments?post=11710"}],"version-history":[{"count":1,"href":"https:\/\/uhotelgroup.com\/fr\/wp-json\/wp\/v2\/pages\/11710\/revisions"}],"predecessor-version":[{"id":11711,"href":"https:\/\/uhotelgroup.com\/fr\/wp-json\/wp\/v2\/pages\/11710\/revisions\/11711"}],"wp:attachment":[{"href":"https:\/\/uhotelgroup.com\/fr\/wp-json\/wp\/v2\/media?parent=11710"}],"curies":[{"name":"wp","href":"https:\/\/api.w.org\/{rel}","templated":true}]}}